{"id":1087,"date":"2023-11-21T15:45:00","date_gmt":"2023-11-21T15:45:00","guid":{"rendered":"https:\/\/geraldineguzzo.com\/?page_id=1087"},"modified":"2025-09-05T14:08:00","modified_gmt":"2025-09-05T14:08:00","slug":"testimonios","status":"publish","type":"page","link":"https:\/\/geraldineguzzo.com\/index.php\/testimonios\/","title":{"rendered":"Testimonios del taller"},"content":{"rendered":"\t\t<div data-elementor-type=\"wp-page\" data-elementor-id=\"1087\" class=\"elementor elementor-1087\">\n\t\t\t\t\t\t<section class=\"elementor-section elementor-top-section elementor-element elementor-element-b727672 elementor-section-boxed elementor-section-height-default elementor-section-height-default wpr-particle-no wpr-jarallax-no wpr-parallax-no wpr-sticky-section-no\" data-id=\"b727672\" data-element_type=\"section\">\n\t\t\t\t\t\t<div class=\"elementor-container elementor-column-gap-default\">\n\t\t\t\t\t<div class=\"elementor-column elementor-col-100 elementor-top-column elementor-element elementor-element-24dbeb4\" data-id=\"24dbeb4\" data-element_type=\"column\">\n\t\t\t<div class=\"elementor-widget-wrap elementor-element-populated\">\n\t\t\t\t\t\t<div class=\"elementor-element elementor-element-9284100 elementor-widget elementor-widget-heading\" data-id=\"9284100\" data-element_type=\"widget\" data-widget_type=\"heading.default\">\n\t\t\t\t<div class=\"elementor-widget-container\">\n\t\t\t<style>\/*! elementor - v3.23.0 - 05-08-2024 *\/\n.elementor-heading-title{padding:0;margin:0;line-height:1}.elementor-widget-heading .elementor-heading-title[class*=elementor-size-]>a{color:inherit;font-size:inherit;line-height:inherit}.elementor-widget-heading .elementor-heading-title.elementor-size-small{font-size:15px}.elementor-widget-heading .elementor-heading-title.elementor-size-medium{font-size:19px}.elementor-widget-heading .elementor-heading-title.elementor-size-large{font-size:29px}.elementor-widget-heading .elementor-heading-title.elementor-size-xl{font-size:39px}.elementor-widget-heading .elementor-heading-title.elementor-size-xxl{font-size:59px}<\/style><h2 class=\"elementor-heading-title elementor-size-default\">Testimonios<\/h2>\t\t<\/div>\n\t\t\t\t<\/div>\n\t\t\t\t\t<\/div>\n\t\t<\/div>\n\t\t\t\t\t<\/div>\n\t\t<\/section>\n\t\t\t\t<section class=\"elementor-section elementor-top-section elementor-element elementor-element-6e3329b elementor-section-boxed elementor-section-height-default elementor-section-height-default wpr-particle-no wpr-jarallax-no wpr-parallax-no wpr-sticky-section-no\" data-id=\"6e3329b\" data-element_type=\"section\">\n\t\t\t\t\t\t<div class=\"elementor-container elementor-column-gap-default\">\n\t\t\t\t\t<div class=\"elementor-column elementor-col-100 elementor-top-column elementor-element elementor-element-a7b53ea\" data-id=\"a7b53ea\" data-element_type=\"column\">\n\t\t\t<div class=\"elementor-widget-wrap elementor-element-populated\">\n\t\t\t\t\t\t<div class=\"elementor-element elementor-element-152037b wpr-testimonial-slider-columns-2 wpr-testimonial-slider-columns--tablet2 wpr-testimonial-slider-columns--mobile1 wpr-testimonial-rating-style_2 wpr-testimonial-triangle-yes wpr-testimonial-meta-position-bottom wpr-testimonial-meta-align-center wpr-testimonial-image-position-center elementor-widget elementor-widget-wpr-testimonial\" data-id=\"152037b\" data-element_type=\"widget\" data-settings=\"{&quot;testimonial_amount&quot;:&quot;2&quot;,&quot;testimonial_slides_to_scroll&quot;:3,&quot;testimonial_amount_tablet&quot;:2,&quot;testimonial_amount_mobile&quot;:1,&quot;testimonial_loop&quot;:&quot;yes&quot;}\" data-widget_type=\"wpr-testimonial.default\">\n\t\t\t\t<div class=\"elementor-widget-container\">\n\t\t\t\t\t<div class=\"wpr-testimonial-carousel-wrap\">\n\t\t\t\n\t\t\t<div class=\"wpr-testimonial-carousel\" dir=\"ltr\" data-slick=\"{&quot;rtl&quot;:false,&quot;infinite&quot;:true,&quot;speed&quot;:700,&quot;arrows&quot;:true,&quot;dots&quot;:true,&quot;autoplay&quot;:false,&quot;autoplaySpeed&quot;:0,&quot;pauseOnHover&quot;:&quot;&quot;,&quot;prevArrow&quot;:&quot;#wpr-testimonial-prev-152037b&quot;,&quot;nextArrow&quot;:&quot;#wpr-testimonial-next-152037b&quot;,&quot;sliderSlidesToScroll&quot;:3}\" data-slide-effect=\"slide\">\n\t\t\t\t\t\n\t\t\t\t\t\n\t\t\t\t\t\t\t\t\t\t\t\n\t\t\t\t\t\t<div class=\"wpr-testimonial-item elementor-repeater-item-8aa0765 elementor-clearfix\">\n\t\t\t\t\t\t\t\n\t\t\t\t\t\t\t<div class=\"wpr-testimonial-meta elementor-clearfix\">\n\t\t\t\t\t\t\t\t<div class=\"wpr-testimonial-meta-inner\">\n\t\t\t\t\t\t\t\t\n\t\t\t\t\t<div class=\"wpr-testimonial-image\">\n\t\t\t\t<img decoding=\"async\" src=\"https:\/\/geraldineguzzo.com\/wp-content\/uploads\/2023\/11\/Natalia-Arredondo-testimonio.png\" alt=\"Natalia A.\">\n\t\t\t<\/div>\n\t\t\n\t\t\t\n\t\t<div class=\"wpr-testimonial-meta-content-wrap\">\n\t\t\t\t\t\t\t<div class=\"wpr-testimonial-name\">Natalia A.<\/div>\n\t\t\t\n\t\t\t\n\t\t\t<div class=\"wpr-testimonial-logo-image elementor-clearfix\"><img decoding=\"async\" src=\"https:\/\/geraldineguzzo.com\/wp-content\/uploads\/2023\/11\/testimonio-argentina-1-2.png\" alt=\"Natalia A.\"><\/div>\n\t\t<\/div>\n\t\t\t\t\t\t\t\t\t\t<\/div>\n\t\t\t\t\t\t\t<\/div>\n\n\t\t\t\t\t\t\t\n\t\t<div class=\"wpr-testimonial-content-wrap\">\n\t\t\t<div class=\"wpr-testimonial-content-inner\">\n\t\t\t\n\t\t\t\t\t\t\t<div class=\"wpr-testimonial-title\">Taller: Los 14 pasos para encarar un tratamiento de fertilidad<\/div>\n\t\t\t\n\t\t\t\t\t\t\t\t\n\n\t\t\t<div class=\"wpr-testimonial-rating\">\n\t\t\t\n\n                                                            <i class=\"wpr-rating-icon-full\">&#9734;<\/i>\n                                    \n\n\t     \t\n\n                                                            <i class=\"wpr-rating-icon-full\">&#9734;<\/i>\n                                    \n\n\t     \t\n\n                                                            <i class=\"wpr-rating-icon-full\">&#9734;<\/i>\n                                    \n\n\t     \t\n\n                                                            <i class=\"wpr-rating-icon-full\">&#9734;<\/i>\n                                    \n\n\t     \t\n\n                                                            <i class=\"wpr-rating-icon-full\">&#9734;<\/i>\n                                    \n\n\t     \t\n\t     \t\t\t\t<\/div>\n\n\t\t\t\t\n\t\t\t\t\t\t\t<div class=\"wpr-testimonial-content\">\n\t\t\t\t\t\n\t\t\t\t\t<p><p style=\"text-align: left\"><span style=\"font-weight: 400\">\u00a1No sab\u00e9s lo que me hubiera encantado tomarlo antes de iniciar en este mundo de la maternidad!\u00a0<\/span><span style=\"font-weight: 400\">Me sirvi\u00f3 mucho para poder encarar de ahora en adelante las dificultades que se me est\u00e1n presentando.\u00a0<\/span><\/p><p>\u00a0<\/p><p style=\"text-align: left\"><span style=\"font-weight: 400\">La informaci\u00f3n de la gu\u00eda con el paso a paso a seguir, es precisa, la gu\u00eda es muy completa, la forma de explicarte\u2026\u00a0<\/span><span style=\"font-weight: 400\">Hay cosas que yo no sab\u00eda y hoy a un paso de la autorizaci\u00f3n para el tratamiento, me encuentro estancada. <\/span><\/p><p>\u00a0<\/p><p style=\"text-align: left\"><span style=\"font-weight: 400\">De haber tomado el curso antes, no me hubiese pasado.\u00a0\u00a0<\/span><\/p><\/p>\n\t\t\t\t<\/div>\n\t\t\t\n\t\t\t\n\t\t\t\t\t\t\t<div class=\"wpr-testimonial-date\">Octubre 2023<\/div>\n\t\t\t\t\t\t<\/div>\n\t\t<\/div>\n\n\t    \n\t\t\t\t\t\t\t\n\t\t\t\t\t\t<\/div>\n\t\t\t\t\t\t\n\t\t\t\t\t\t\t\t\t\t\t\n\t\t\t\t\t\t<div class=\"wpr-testimonial-item elementor-repeater-item-95a90a1 elementor-clearfix\">\n\t\t\t\t\t\t\t\n\t\t\t\t\t\t\t<div class=\"wpr-testimonial-meta elementor-clearfix\">\n\t\t\t\t\t\t\t\t<div class=\"wpr-testimonial-meta-inner\">\n\t\t\t\t\t\t\t\t\n\t\t\t\t\t<div class=\"wpr-testimonial-image\">\n\t\t\t\t<img decoding=\"async\" src=\"https:\/\/geraldineguzzo.com\/wp-content\/uploads\/2023\/11\/Testimonio-cursos-Geraldine.png\" alt=\"Diana\">\n\t\t\t<\/div>\n\t\t\n\t\t\t\n\t\t<div class=\"wpr-testimonial-meta-content-wrap\">\n\t\t\t\t\t\t\t<div class=\"wpr-testimonial-name\">Diana<\/div>\n\t\t\t\n\t\t\t\n\t\t\t<div class=\"wpr-testimonial-logo-image elementor-clearfix\"><img decoding=\"async\" src=\"https:\/\/geraldineguzzo.com\/wp-content\/uploads\/2023\/11\/testimonio-espana-1.png\" alt=\"Diana\"><\/div>\n\t\t<\/div>\n\t\t\t\t\t\t\t\t\t\t<\/div>\n\t\t\t\t\t\t\t<\/div>\n\n\t\t\t\t\t\t\t\n\t\t<div class=\"wpr-testimonial-content-wrap\">\n\t\t\t<div class=\"wpr-testimonial-content-inner\">\n\t\t\t\n\t\t\t\t\t\t\t<div class=\"wpr-testimonial-title\">Taller: Los 14 pasos para encarar un tratamiento de fertilidad<\/div>\n\t\t\t\n\t\t\t\t\t\t\t\t\n\n\t\t\t<div class=\"wpr-testimonial-rating\">\n\t\t\t\n\n                                                            <i class=\"wpr-rating-icon-full\">&#9734;<\/i>\n                                    \n\n\t     \t\n\n                                                            <i class=\"wpr-rating-icon-full\">&#9734;<\/i>\n                                    \n\n\t     \t\n\n                                                            <i class=\"wpr-rating-icon-full\">&#9734;<\/i>\n                                    \n\n\t     \t\n\n                                                            <i class=\"wpr-rating-icon-full\">&#9734;<\/i>\n                                    \n\n\t     \t\n\n                                                            <i class=\"wpr-rating-icon-full\">&#9734;<\/i>\n                                    \n\n\t     \t\n\t     \t\t\t\t<\/div>\n\n\t\t\t\t\n\t\t\t\t\t\t\t<div class=\"wpr-testimonial-content\">\n\t\t\t\t\t\n\t\t\t\t\t<p><p><span style=\"font-weight: 400\">Me gust\u00f3 mucho el taller! Lo adquir\u00ed porque estoy en proceso de FIV. <\/span><\/p><p>\u00a0<\/p><p><span style=\"font-weight: 400\">Fue muy bonito ver otra experiencia y anotar tips y datos que quiz\u00e1s no hab\u00eda tomado en cuenta. \u00a1Much\u00edsimas gracias!<\/span><\/p><\/p>\n\t\t\t\t<\/div>\n\t\t\t\n\t\t\t\n\t\t\t\t\t\t\t<div class=\"wpr-testimonial-date\">Noviembre 2023<\/div>\n\t\t\t\t\t\t<\/div>\n\t\t<\/div>\n\n\t    \n\t\t\t\t\t\t\t\n\t\t\t\t\t\t<\/div>\n\t\t\t\t\t\t\n\t\t\t\t\t\t\t\t\t\t\t\n\t\t\t\t\t\t<div class=\"wpr-testimonial-item elementor-repeater-item-0337970 elementor-clearfix\">\n\t\t\t\t\t\t\t\n\t\t\t\t\t\t\t<div class=\"wpr-testimonial-meta elementor-clearfix\">\n\t\t\t\t\t\t\t\t<div class=\"wpr-testimonial-meta-inner\">\n\t\t\t\t\t\t\t\t\n\t\t\t\t\t<div class=\"wpr-testimonial-image\">\n\t\t\t\t<img decoding=\"async\" src=\"https:\/\/geraldineguzzo.com\/wp-content\/uploads\/2023\/11\/Eunice-Chalar-testimonio-Guia-14-pasos.png\" alt=\"Eunice C.\">\n\t\t\t<\/div>\n\t\t\n\t\t\t\n\t\t<div class=\"wpr-testimonial-meta-content-wrap\">\n\t\t\t\t\t\t\t<div class=\"wpr-testimonial-name\">Eunice C.<\/div>\n\t\t\t\n\t\t\t\n\t\t\t<div class=\"wpr-testimonial-logo-image elementor-clearfix\"><img decoding=\"async\" src=\"https:\/\/geraldineguzzo.com\/wp-content\/uploads\/2023\/11\/testimonio-argentina-1-2.png\" alt=\"Eunice C.\"><\/div>\n\t\t<\/div>\n\t\t\t\t\t\t\t\t\t\t<\/div>\n\t\t\t\t\t\t\t<\/div>\n\n\t\t\t\t\t\t\t\n\t\t<div class=\"wpr-testimonial-content-wrap\">\n\t\t\t<div class=\"wpr-testimonial-content-inner\">\n\t\t\t\n\t\t\t\t\t\t\t<div class=\"wpr-testimonial-title\">Taller: Los 14 pasos para encarar un tratamiento de fertilidad<\/div>\n\t\t\t\n\t\t\t\t\t\t\t\t\n\n\t\t\t<div class=\"wpr-testimonial-rating\">\n\t\t\t\n\n                                                            <i class=\"wpr-rating-icon-full\">&#9734;<\/i>\n                                    \n\n\t     \t\n\n                                                            <i class=\"wpr-rating-icon-full\">&#9734;<\/i>\n                                    \n\n\t     \t\n\n                                                            <i class=\"wpr-rating-icon-full\">&#9734;<\/i>\n                                    \n\n\t     \t\n\n                                                            <i class=\"wpr-rating-icon-full\">&#9734;<\/i>\n                                    \n\n\t     \t\n\n                                                            <i class=\"wpr-rating-icon-full\">&#9734;<\/i>\n                                    \n\n\t     \t\n\t     \t\t\t\t<\/div>\n\n\t\t\t\t\n\t\t\t\t\t\t\t<div class=\"wpr-testimonial-content\">\n\t\t\t\t\t\n\t\t\t\t\t<p><p><span style=\"font-weight: 400\">El taller me pareci\u00f3 muy pero muy \u00fatil en m\u00ed caso porque primero no ten\u00eda ning\u00fan conocimiento de c\u00f3mo empezar ni cu\u00e1l paso deber\u00eda dar.\u00a0<\/span><span style=\"font-weight: 400\">Lo que m\u00e1s me sirvi\u00f3 fue conocer los 14 pasos eso est\u00e1 muy bueno c\u00f3mo para ir anotando de a poco o para tener una idea de c\u00f3mo deber\u00eda arrancar.\u00a0<\/span><\/p><p>\u00a0<\/p><p><span style=\"font-weight: 400\">Si no hubiera conocido esta gu\u00eda y los pasos a seguir de forma ordenada, la verdad no sabr\u00eda c\u00f3mo seguir adelante y estar\u00eda indecisa por cualquier cosa.\u00a0<\/span><span style=\"font-weight: 400\">A m\u00ed me dio un poco de tranquilidad la planificaci\u00f3n de los 14 pasos porque vas conociendo y dando los pasos importantes de forma ordenada.<\/span><\/p><p>\u00a0<\/p><p><span style=\"font-weight: 400\">Recomiendo el taller de la gu\u00eda de 14 pasos, a mujeres en la misma situaci\u00f3n que yo, que no cuento con ning\u00fan apoyo ni nada. Tampoco contaba con el conocimiento de c\u00f3mo ser\u00eda el proceso y gracias a Geraldine pude avanzar de a poquito. Tambi\u00e9n podr\u00edas consultarle alguna duda; o lo que sientas podes comentarle eso es lo m\u00e1s \ud83d\ude4f\ud83e\udef6<\/span><\/p><\/p>\n\t\t\t\t<\/div>\n\t\t\t\n\t\t\t\n\t\t\t\t\t\t\t<div class=\"wpr-testimonial-date\">Noviembre 2023<\/div>\n\t\t\t\t\t\t<\/div>\n\t\t<\/div>\n\n\t    \n\t\t\t\t\t\t\t\n\t\t\t\t\t\t<\/div>\n\t\t\t\t\t\t\n\t\t\t\t\t\t\t\t\t\t\t\n\t\t\t\t\t\t<div class=\"wpr-testimonial-item elementor-repeater-item-7e04c0a elementor-clearfix\">\n\t\t\t\t\t\t\t\n\t\t\t\t\t\t\t<div class=\"wpr-testimonial-meta elementor-clearfix\">\n\t\t\t\t\t\t\t\t<div class=\"wpr-testimonial-meta-inner\">\n\t\t\t\t\t\t\t\t\n\t\t\t\t\t<div class=\"wpr-testimonial-image\">\n\t\t\t\t<img decoding=\"async\" src=\"https:\/\/geraldineguzzo.com\/wp-content\/uploads\/2023\/11\/Esperanza-testimonio-USA.png\" alt=\"Esperanza \">\n\t\t\t<\/div>\n\t\t\n\t\t\t\n\t\t<div class=\"wpr-testimonial-meta-content-wrap\">\n\t\t\t\t\t\t\t<div class=\"wpr-testimonial-name\">Esperanza <\/div>\n\t\t\t\n\t\t\t\n\t\t\t<div class=\"wpr-testimonial-logo-image elementor-clearfix\"><img decoding=\"async\" src=\"https:\/\/geraldineguzzo.com\/wp-content\/uploads\/2023\/11\/testimonio-Estados-Unidos.png\" alt=\"Esperanza \"><\/div>\n\t\t<\/div>\n\t\t\t\t\t\t\t\t\t\t<\/div>\n\t\t\t\t\t\t\t<\/div>\n\n\t\t\t\t\t\t\t\n\t\t<div class=\"wpr-testimonial-content-wrap\">\n\t\t\t<div class=\"wpr-testimonial-content-inner\">\n\t\t\t\n\t\t\t\t\t\t\t<div class=\"wpr-testimonial-title\">Gu\u00eda de ejercicios: Bases para lograr la calma<\/div>\n\t\t\t\n\t\t\t\t\t\t\t\t\n\n\t\t\t<div class=\"wpr-testimonial-rating\">\n\t\t\t\n\n                                                            <i class=\"wpr-rating-icon-full\">&#9734;<\/i>\n                                    \n\n\t     \t\n\n                                                            <i class=\"wpr-rating-icon-full\">&#9734;<\/i>\n                                    \n\n\t     \t\n\n                                                            <i class=\"wpr-rating-icon-full\">&#9734;<\/i>\n                                    \n\n\t     \t\n\n                                                            <i class=\"wpr-rating-icon-full\">&#9734;<\/i>\n                                    \n\n\t     \t\n\n                                                            <i class=\"wpr-rating-icon-full\">&#9734;<\/i>\n                                    \n\n\t     \t\n\t     \t\t\t\t<\/div>\n\n\t\t\t\t\n\t\t\t\t\t\t\t<div class=\"wpr-testimonial-content\">\n\t\t\t\t\t\n\t\t\t\t\t<p><p>Me pareci\u00f3 interesante la gu\u00eda de ejercicios, la verdad me gust\u00f3 porque me hizo pensar en cosas que no hab\u00eda pensado antes!<\/p><p>\u00a0<\/p><p>La verdad yo dec\u00eda \"me relajar\u00e9\" pero nunca sab\u00eda por d\u00f3nde empezar o qu\u00e9 hacer!<\/p><p>\u00a0<\/p><p>Si estoy en casa me pongo a pensar negativo, por eso estoy haciendo cosas que mencionas en la gu\u00eda.\u00a0<\/p><p>\u00a0<\/p><\/p>\n\t\t\t\t<\/div>\n\t\t\t\n\t\t\t\n\t\t\t\t\t\t\t<div class=\"wpr-testimonial-date\">Noviembre 2023<\/div>\n\t\t\t\t\t\t<\/div>\n\t\t<\/div>\n\n\t    \n\t\t\t\t\t\t\t\n\t\t\t\t\t\t<\/div>\n\t\t\t\t\t\t\n\t\t\t\t\t\t\t\t\t<\/div>\n\n\t\t\t<div class=\"wpr-testimonial-controls\">\n\t\t\t\t<div class=\"wpr-testimonial-dots\"><\/div>\n\t\t\t<\/div>\n\n\t\t\t<div class=\"wpr-testimonial-arrow-container\">\n\t\t\t\t<div class=\"wpr-testimonial-prev-arrow wpr-testimonial-arrow\" id=\"wpr-testimonial-prev-152037b\">\n\t\t\t\t\t<svg version=\"1.1\" xmlns=\"http:\/\/www.w3.org\/2000\/svg\" xmlns:xlink=\"http:\/\/www.w3.org\/1999\/xlink\" x=\"0px\" y=\"0px\" viewBox=\"0 0 283.4 512\" style=\"enable-background:new 0 0 283.4 512;\" xml:space=\"preserve\"><g><polygon class=\"st0\" points=\"54.5,256.3 283.4,485.1 256.1,512.5 0,256.3 0,256.3 27.2,229 256.1,0 283.4,27.4 \"\/><\/g><\/svg>\t\t\t\t<\/div>\n\t\t\t\t<div class=\"wpr-testimonial-next-arrow wpr-testimonial-arrow\" id=\"wpr-testimonial-next-152037b\">\n\t\t\t\t\t<svg version=\"1.1\" xmlns=\"http:\/\/www.w3.org\/2000\/svg\" xmlns:xlink=\"http:\/\/www.w3.org\/1999\/xlink\" x=\"0px\" y=\"0px\" viewBox=\"0 0 283.4 512\" style=\"enable-background:new 0 0 283.4 512;\" xml:space=\"preserve\"><g><polygon class=\"st0\" points=\"54.5,256.3 283.4,485.1 256.1,512.5 0,256.3 0,256.3 27.2,229 256.1,0 283.4,27.4 \"\/><\/g><\/svg>\t\t\t\t<\/div>\n\t\t\t<\/div>\n\t\t<\/div>\n\n\t\t\t<\/div>\n\t\t\t\t<\/div>\n\t\t\t\t\t<\/div>\n\t\t<\/div>\n\t\t\t\t\t<\/div>\n\t\t<\/section>\n\t\t\t\t<\/div>\n\t\t","protected":false},"excerpt":{"rendered":"<p>Testimonios Natalia A. Taller: Los 14 pasos para encarar un tratamiento de fertilidad &#9734; &#9734; &#9734; &#9734; &#9734; \u00a1No sab\u00e9s lo que me hubiera encantado tomarlo antes de iniciar en este mundo de la maternidad!\u00a0Me sirvi\u00f3 mucho para poder encarar de ahora en adelante las dificultades que se me est\u00e1n presentando.\u00a0 \u00a0 La informaci\u00f3n de la gu\u00eda con el paso a paso a seguir, es precisa, la gu\u00eda es muy completa, la forma de explicarte\u2026\u00a0Hay cosas que yo no sab\u00eda y hoy a un paso de la autorizaci\u00f3n para el tratamiento, me encuentro estancada. \u00a0 De haber tomado el curso antes, no me hubiese pasado.\u00a0\u00a0 Octubre 2023 Diana Taller: Los 14 pasos para encarar un tratamiento de fertilidad &#9734; &#9734; &#9734; &#9734; &#9734; Me gust\u00f3 mucho el taller! Lo adquir\u00ed porque estoy en proceso de FIV. \u00a0 Fue muy bonito ver otra experiencia y anotar tips y datos que quiz\u00e1s no hab\u00eda tomado en cuenta. \u00a1Much\u00edsimas gracias! Noviembre 2023 Eunice C. Taller: Los 14 pasos para encarar un tratamiento de fertilidad &#9734; &#9734; &#9734; &#9734; &#9734; El taller me pareci\u00f3 muy pero muy \u00fatil en m\u00ed caso porque primero no ten\u00eda ning\u00fan conocimiento de c\u00f3mo empezar ni cu\u00e1l paso deber\u00eda dar.\u00a0Lo que m\u00e1s me sirvi\u00f3 fue conocer los 14 pasos eso est\u00e1 muy bueno c\u00f3mo para ir anotando de a poco o para tener una idea de c\u00f3mo deber\u00eda arrancar.\u00a0 \u00a0 Si no hubiera conocido esta gu\u00eda y los pasos a seguir de forma ordenada, la verdad no sabr\u00eda c\u00f3mo seguir adelante y estar\u00eda indecisa por cualquier cosa.\u00a0A m\u00ed me dio un poco de tranquilidad la planificaci\u00f3n de los 14 pasos porque vas conociendo y dando los pasos importantes de forma ordenada. \u00a0 Recomiendo el taller de la gu\u00eda de 14 pasos, a mujeres en la misma situaci\u00f3n que yo, que no cuento con ning\u00fan apoyo ni nada. Tampoco contaba con el conocimiento de c\u00f3mo ser\u00eda el proceso y gracias a Geraldine pude avanzar de a poquito. Tambi\u00e9n podr\u00edas consultarle alguna duda; o lo que sientas podes comentarle eso es lo m\u00e1s \ud83d\ude4f\ud83e\udef6 Noviembre 2023 Esperanza Gu\u00eda de ejercicios: Bases para lograr la calma &#9734; &#9734; &#9734; &#9734; &#9734; Me pareci\u00f3 interesante la gu\u00eda de ejercicios, la verdad me gust\u00f3 porque me hizo pensar en cosas que no hab\u00eda pensado antes! \u00a0 La verdad yo dec\u00eda \u00abme relajar\u00e9\u00bb pero nunca sab\u00eda por d\u00f3nde empezar o qu\u00e9 hacer! \u00a0 Si estoy en casa me pongo a pensar negativo, por eso estoy haciendo cosas que mencionas en la gu\u00eda.\u00a0 \u00a0 Noviembre 2023<\/p>\n","protected":false},"author":1,"featured_media":0,"parent":0,"menu_order":0,"comment_status":"closed","ping_status":"closed","template":"elementor_canvas","meta":{"footnotes":""},"class_list":["post-1087","page","type-page","status-publish","hentry"],"_links":{"self":[{"href":"https:\/\/geraldineguzzo.com\/index.php\/wp-json\/wp\/v2\/pages\/1087","targetHints":{"allow":["GET"]}}],"collection":[{"href":"https:\/\/geraldineguzzo.com\/index.php\/wp-json\/wp\/v2\/pages"}],"about":[{"href":"https:\/\/geraldineguzzo.com\/index.php\/wp-json\/wp\/v2\/types\/page"}],"author":[{"embeddable":true,"href":"https:\/\/geraldineguzzo.com\/index.php\/wp-json\/wp\/v2\/users\/1"}],"replies":[{"embeddable":true,"href":"https:\/\/geraldineguzzo.com\/index.php\/wp-json\/wp\/v2\/comments?post=1087"}],"version-history":[{"count":80,"href":"https:\/\/geraldineguzzo.com\/index.php\/wp-json\/wp\/v2\/pages\/1087\/revisions"}],"predecessor-version":[{"id":2183,"href":"https:\/\/geraldineguzzo.com\/index.php\/wp-json\/wp\/v2\/pages\/1087\/revisions\/2183"}],"wp:attachment":[{"href":"https:\/\/geraldineguzzo.com\/index.php\/wp-json\/wp\/v2\/media?parent=1087"}],"curies":[{"name":"wp","href":"https:\/\/api.w.org\/{rel}","templated":true}]}}